{"id":904,"date":"2018-09-18T11:03:06","date_gmt":"2018-09-18T09:03:06","guid":{"rendered":"https:\/\/www.inkthemes.com\/demos\/auto-mechanic\/?page_id=904"},"modified":"2021-03-27T17:27:01","modified_gmt":"2021-03-27T16:27:01","slug":"klinikat-tona","status":"publish","type":"page","link":"https:\/\/qt-heimerer.eu\/?page_id=904","title":{"rendered":"Klinikat tona"},"content":{"rendered":"\t\t<div data-elementor-type=\"wp-page\" data-elementor-id=\"904\" class=\"elementor elementor-904\" data-elementor-post-type=\"page\">\n\t\t\t\t\t\t<section class=\"elementor-section elementor-top-section elementor-element elementor-element-76c1b1a elementor-section-content-middle elementor-section-stretched elementor-section-height-min-height elementor-section-boxed elementor-section-height-default elementor-section-items-middle\" data-id=\"76c1b1a\" data-element_type=\"section\" data-settings=\"{&quot;background_background&quot;:&quot;classic&quot;,&quot;stretch_section&quot;:&quot;section-stretched&quot;}\">\n\t\t\t\t\t\t\t<div class=\"elementor-background-overlay\"><\/div>\n\t\t\t\t\t\t\t<div class=\"elementor-container elementor-column-gap-wide\">\n\t\t\t\t\t<div class=\"elementor-column elementor-col-100 elementor-top-column elementor-element elementor-element-2cad8cb\" data-id=\"2cad8cb\" data-element_type=\"column\">\n\t\t\t<div class=\"elementor-widget-wrap elementor-element-populated\">\n\t\t\t\t\t\t<div class=\"elementor-element elementor-element-b21471d elementor-widget elementor-widget-heading\" data-id=\"b21471d\" data-element_type=\"widget\" data-widget_type=\"heading.default\">\n\t\t\t\t<div class=\"elementor-widget-container\">\n\t\t\t\t\t<h4 class=\"elementor-heading-title elementor-size-default\">Klinikat tona<\/h4>\t\t\t\t<\/div>\n\t\t\t\t<\/div>\n\t\t\t\t\t<\/div>\n\t\t<\/div>\n\t\t\t\t\t<\/div>\n\t\t<\/section>\n\t\t\t\t<section class=\"elementor-section elementor-top-section elementor-element elementor-element-619d306 elementor-section-boxed elementor-section-height-default elementor-section-height-default\" data-id=\"619d306\" data-element_type=\"section\">\n\t\t\t\t\t\t<div class=\"elementor-container elementor-column-gap-default\">\n\t\t\t\t\t<div class=\"elementor-column elementor-col-33 elementor-top-column elementor-element elementor-element-2947604\" data-id=\"2947604\" data-element_type=\"column\" data-settings=\"{&quot;background_background&quot;:&quot;classic&quot;}\">\n\t\t\t<div class=\"elementor-widget-wrap elementor-element-populated\">\n\t\t\t\t\t\t<div class=\"elementor-element elementor-element-d5be833 elementor-widget elementor-widget-image\" data-id=\"d5be833\" data-element_type=\"widget\" data-widget_type=\"image.default\">\n\t\t\t\t<div class=\"elementor-widget-container\">\n\t\t\t\t\t\t\t\t\t\t\t\t\t\t\t<img decoding=\"async\" src=\"https:\/\/qt-heimerer.eu\/wp-content\/uploads\/2020\/09\/anna-kolosyuk-4R6pg0Iq5IU-unsplash.jpg\" title=\"\" alt=\"\" loading=\"lazy\" \/>\t\t\t\t\t\t\t\t\t\t\t\t\t\t\t<\/div>\n\t\t\t\t<\/div>\n\t\t\t\t<div class=\"elementor-element elementor-element-04c20ff elementor-widget elementor-widget-heading\" data-id=\"04c20ff\" data-element_type=\"widget\" data-widget_type=\"heading.default\">\n\t\t\t\t<div class=\"elementor-widget-container\">\n\t\t\t\t\t<h4 class=\"elementor-heading-title elementor-size-default\"><a href=\"https:\/\/qt-heimerer.eu\/sherbimet-tona\/klinika-e-autizmit\/\">Klinika e Autizmit<\/a><\/h4>\t\t\t\t<\/div>\n\t\t\t\t<\/div>\n\t\t\t\t<div class=\"elementor-element elementor-element-7010dd4 elementor-widget elementor-widget-heading\" data-id=\"7010dd4\" data-element_type=\"widget\" data-widget_type=\"heading.default\">\n\t\t\t\t<div class=\"elementor-widget-container\">\n\t\t\t\t\t<p class=\"elementor-heading-title elementor-size-default\">Ofron sh\u00ebrbime t\u00eb nj\u00eb cil\u00ebsie t\u00eb lart\u00eb, p\u00ebrmes qasjes s\u00eb analiz\u00ebs s\u00eb aplikuar t\u00eb sjelljes.<\/p>\t\t\t\t<\/div>\n\t\t\t\t<\/div>\n\t\t\t\t<div class=\"elementor-element elementor-element-c55a696 elementor-widget elementor-widget-heading\" data-id=\"c55a696\" data-element_type=\"widget\" data-widget_type=\"heading.default\">\n\t\t\t\t<div class=\"elementor-widget-container\">\n\t\t\t\t\t<span class=\"elementor-heading-title elementor-size-default\"><a href=\"https:\/\/qt-heimerer.eu\/sherbimet-tona\/klinika-e-autizmit\/\">Shiko m\u00eb shum\u00eb<\/a><\/span>\t\t\t\t<\/div>\n\t\t\t\t<\/div>\n\t\t\t\t\t<\/div>\n\t\t<\/div>\n\t\t\t\t<div class=\"elementor-column elementor-col-33 elementor-top-column elementor-element elementor-element-8d6cb67\" data-id=\"8d6cb67\" data-element_type=\"column\" data-settings=\"{&quot;background_background&quot;:&quot;classic&quot;}\">\n\t\t\t<div class=\"elementor-widget-wrap elementor-element-populated\">\n\t\t\t\t\t\t<div class=\"elementor-element elementor-element-655bfe5 elementor-widget elementor-widget-image\" data-id=\"655bfe5\" data-element_type=\"widget\" data-widget_type=\"image.default\">\n\t\t\t\t<div class=\"elementor-widget-container\">\n\t\t\t\t\t\t\t\t\t\t\t\t\t\t\t<img decoding=\"async\" src=\"https:\/\/qt-heimerer.eu\/wp-content\/uploads\/2020\/09\/tim-mossholder-bo3SHP58C3g-unsplash.jpg\" title=\"\" alt=\"\" loading=\"lazy\" \/>\t\t\t\t\t\t\t\t\t\t\t\t\t\t\t<\/div>\n\t\t\t\t<\/div>\n\t\t\t\t<div class=\"elementor-element elementor-element-c87d144 elementor-widget elementor-widget-heading\" data-id=\"c87d144\" data-element_type=\"widget\" data-widget_type=\"heading.default\">\n\t\t\t\t<div class=\"elementor-widget-container\">\n\t\t\t\t\t<h4 class=\"elementor-heading-title elementor-size-default\"><a href=\"https:\/\/qt-heimerer.eu\/sherbimet-tona\/klinika-e-ergoterapise\/\">Klinika e Ergoterapis\u00eb<\/a><\/h4>\t\t\t\t<\/div>\n\t\t\t\t<\/div>\n\t\t\t\t<div class=\"elementor-element elementor-element-59f59de elementor-widget elementor-widget-heading\" data-id=\"59f59de\" data-element_type=\"widget\" data-widget_type=\"heading.default\">\n\t\t\t\t<div class=\"elementor-widget-container\">\n\t\t\t\t\t<p class=\"elementor-heading-title elementor-size-default\">Ndihmon klientet q\u00eb t\u00eb zhvillohen, p\u00ebrmir\u00ebsohen n\u00eb aft\u00ebsit\u00eb e nevojshme p\u00ebr jet\u00ebn e p\u00ebrditshme.<\/p>\t\t\t\t<\/div>\n\t\t\t\t<\/div>\n\t\t\t\t<div class=\"elementor-element elementor-element-0a4de53 elementor-widget elementor-widget-heading\" data-id=\"0a4de53\" data-element_type=\"widget\" data-widget_type=\"heading.default\">\n\t\t\t\t<div class=\"elementor-widget-container\">\n\t\t\t\t\t<span class=\"elementor-heading-title elementor-size-default\"><a href=\"https:\/\/qt-heimerer.eu\/sherbimet-tona\/klinika-e-ergoterapise\/\">Shiko m\u00eb shum\u00eb<\/a><\/span>\t\t\t\t<\/div>\n\t\t\t\t<\/div>\n\t\t\t\t\t<\/div>\n\t\t<\/div>\n\t\t\t\t<div class=\"elementor-column elementor-col-33 elementor-top-column elementor-element elementor-element-1d73289\" data-id=\"1d73289\" data-element_type=\"column\" data-settings=\"{&quot;background_background&quot;:&quot;classic&quot;}\">\n\t\t\t<div class=\"elementor-widget-wrap elementor-element-populated\">\n\t\t\t\t\t\t<div class=\"elementor-element elementor-element-2b49727 elementor-widget elementor-widget-image\" data-id=\"2b49727\" data-element_type=\"widget\" data-widget_type=\"image.default\">\n\t\t\t\t<div class=\"elementor-widget-container\">\n\t\t\t\t\t\t\t\t\t\t\t\t\t\t\t<img decoding=\"async\" src=\"https:\/\/qt-heimerer.eu\/wp-content\/uploads\/2020\/09\/ben-white-qDY9ahp0Mto-unsplash.jpg\" title=\"\" alt=\"\" loading=\"lazy\" \/>\t\t\t\t\t\t\t\t\t\t\t\t\t\t\t<\/div>\n\t\t\t\t<\/div>\n\t\t\t\t<div class=\"elementor-element elementor-element-52705ec elementor-widget elementor-widget-heading\" data-id=\"52705ec\" data-element_type=\"widget\" data-widget_type=\"heading.default\">\n\t\t\t\t<div class=\"elementor-widget-container\">\n\t\t\t\t\t<h4 class=\"elementor-heading-title elementor-size-default\"><a href=\"https:\/\/qt-heimerer.eu\/sherbimet-tona\/klinika-e-logopedise\/\">Klinika e Logopedis\u00eb<\/a><\/h4>\t\t\t\t<\/div>\n\t\t\t\t<\/div>\n\t\t\t\t<div class=\"elementor-element elementor-element-3c05fe8 elementor-widget elementor-widget-heading\" data-id=\"3c05fe8\" data-element_type=\"widget\" data-widget_type=\"heading.default\">\n\t\t\t\t<div class=\"elementor-widget-container\">\n\t\t\t\t\t<p class=\"elementor-heading-title elementor-size-default\">Punon\u00eb me njer\u00ebzit e t\u00eb gjitha grup-moshave. Trajton\u00eb llojet e ndryshme t\u00eb komunikimit dhe g\u00eblltitjes.<\/p>\t\t\t\t<\/div>\n\t\t\t\t<\/div>\n\t\t\t\t<div class=\"elementor-element elementor-element-1da184e elementor-widget elementor-widget-heading\" data-id=\"1da184e\" data-element_type=\"widget\" data-widget_type=\"heading.default\">\n\t\t\t\t<div class=\"elementor-widget-container\">\n\t\t\t\t\t<span class=\"elementor-heading-title elementor-size-default\"><a href=\"https:\/\/qt-heimerer.eu\/sherbimet-tona\/klinika-e-logopedise\/\">Shiko m\u00eb shum\u00eb<\/a><\/span>\t\t\t\t<\/div>\n\t\t\t\t<\/div>\n\t\t\t\t\t<\/div>\n\t\t<\/div>\n\t\t\t\t\t<\/div>\n\t\t<\/section>\n\t\t\t\t<\/div>\n\t\t","protected":false},"excerpt":{"rendered":"<p>Klinika e Autizmit Ofron sh\u00ebrbime t\u00eb nj\u00eb cil\u00ebsie t\u00eb lart\u00eb, p\u00ebrmes qasjes s\u00eb analiz\u00ebs s\u00eb aplikuar t\u00eb sjelljes. Shiko m\u00eb shum\u00eb Klinika e Ergoterapis\u00eb Ndihmon klientet q\u00eb t\u00eb zhvillohen, p\u00ebrmir\u00ebsohen n\u00eb aft\u00ebsit\u00eb e nevojshme p\u00ebr jet\u00ebn e p\u00ebrditshme. Shiko m\u00eb shum\u00eb Klinika e Logopedis\u00eb Punon\u00eb me njer\u00ebzit e t\u00eb gjitha grup-moshave. Trajton\u00eb llojet e ndryshme [&hellip;]<\/p>\n","protected":false},"author":1,"featured_media":0,"parent":0,"menu_order":0,"comment_status":"closed","ping_status":"closed","template":"elementor_header_footer","meta":{"footnotes":""},"class_list":["post-904","page","type-page","status-publish","hentry"],"_links":{"self":[{"href":"https:\/\/qt-heimerer.eu\/index.php?rest_route=\/wp\/v2\/pages\/904","targetHints":{"allow":["GET"]}}],"collection":[{"href":"https:\/\/qt-heimerer.eu\/index.php?rest_route=\/wp\/v2\/pages"}],"about":[{"href":"https:\/\/qt-heimerer.eu\/index.php?rest_route=\/wp\/v2\/types\/page"}],"author":[{"embeddable":true,"href":"https:\/\/qt-heimerer.eu\/index.php?rest_route=\/wp\/v2\/users\/1"}],"replies":[{"embeddable":true,"href":"https:\/\/qt-heimerer.eu\/index.php?rest_route=%2Fwp%2Fv2%2Fcomments&post=904"}],"version-history":[{"count":0,"href":"https:\/\/qt-heimerer.eu\/index.php?rest_route=\/wp\/v2\/pages\/904\/revisions"}],"wp:attachment":[{"href":"https:\/\/qt-heimerer.eu\/index.php?rest_route=%2Fwp%2Fv2%2Fmedia&parent=904"}],"curies":[{"name":"wp","href":"https:\/\/api.w.org\/{rel}","templated":true}]}}