{"id":214,"date":"2018-07-12T08:15:57","date_gmt":"2018-07-12T06:15:57","guid":{"rendered":"https:\/\/inkthemes.com\/demos\/spa\/?page_id=214"},"modified":"2021-10-25T13:47:14","modified_gmt":"2021-10-25T11:47:14","slug":"rreth-nesh","status":"publish","type":"page","link":"https:\/\/qt-heimerer.eu\/?page_id=214","title":{"rendered":"Rreth nesh"},"content":{"rendered":"\t\t<div data-elementor-type=\"wp-post\" data-elementor-id=\"214\" class=\"elementor elementor-214\" data-elementor-post-type=\"page\">\n\t\t\t\t\t\t<section class=\"elementor-section elementor-top-section elementor-element elementor-element-3b24ff2 elementor-section-content-middle elementor-section-stretched elementor-section-height-min-height elementor-section-boxed elementor-section-height-default elementor-section-items-middle\" data-id=\"3b24ff2\" data-element_type=\"section\" data-settings=\"{&quot;background_background&quot;:&quot;classic&quot;,&quot;stretch_section&quot;:&quot;section-stretched&quot;}\">\n\t\t\t\t\t\t\t<div class=\"elementor-background-overlay\"><\/div>\n\t\t\t\t\t\t\t<div class=\"elementor-container elementor-column-gap-wide\">\n\t\t\t\t\t<div class=\"elementor-column elementor-col-100 elementor-top-column elementor-element elementor-element-8026209\" data-id=\"8026209\" data-element_type=\"column\">\n\t\t\t<div class=\"elementor-widget-wrap elementor-element-populated\">\n\t\t\t\t\t\t<div class=\"elementor-element elementor-element-4d19e5e elementor-widget elementor-widget-heading\" data-id=\"4d19e5e\" data-element_type=\"widget\" data-widget_type=\"heading.default\">\n\t\t\t\t<div class=\"elementor-widget-container\">\n\t\t\t\t\t<h4 class=\"elementor-heading-title elementor-size-default\">Rreth nesh<\/h4>\t\t\t\t<\/div>\n\t\t\t\t<\/div>\n\t\t\t\t\t<\/div>\n\t\t<\/div>\n\t\t\t\t\t<\/div>\n\t\t<\/section>\n\t\t\t\t<section class=\"elementor-section elementor-top-section elementor-element elementor-element-539ac6d8 elementor-section-content-middle elementor-section-boxed elementor-section-height-default elementor-section-height-default\" data-id=\"539ac6d8\" data-element_type=\"section\">\n\t\t\t\t\t\t<div class=\"elementor-container elementor-column-gap-no\">\n\t\t\t\t\t<div class=\"elementor-column elementor-col-50 elementor-top-column elementor-element elementor-element-165720a8\" data-id=\"165720a8\" data-element_type=\"column\">\n\t\t\t<div class=\"elementor-widget-wrap elementor-element-populated\">\n\t\t\t\t\t\t<div class=\"elementor-element elementor-element-56e24ef elementor-widget elementor-widget-heading\" data-id=\"56e24ef\" data-element_type=\"widget\" data-widget_type=\"heading.default\">\n\t\t\t\t<div class=\"elementor-widget-container\">\n\t\t\t\t\t<h2 class=\"elementor-heading-title elementor-size-default\">Kush jemi ne?<\/h2>\t\t\t\t<\/div>\n\t\t\t\t<\/div>\n\t\t\t\t<div class=\"elementor-element elementor-element-fa820cf elementor-widget elementor-widget-text-editor\" data-id=\"fa820cf\" data-element_type=\"widget\" data-widget_type=\"text-editor.default\">\n\t\t\t\t<div class=\"elementor-widget-container\">\n\t\t\t\t\t\t\t\t\t<p><strong>Qendra Terapeutike Heimerer<\/strong> \u00ebsht\u00eb e vetmja poliklinik\u00eb n\u00eb rajon, q\u00eb ofron t\u00eb gjitha sh\u00ebrbimet e shkencave terapeutike n\u00eb nj\u00eb vend t\u00eb vet\u00ebm e me qasje multi-disciplinare, n\u00eb nj\u00eb perspektiv\u00eb holistike e me klientin n\u00eb qend\u00ebr. Misioni yn\u00eb \u00ebsht\u00eb t\u00eb frym\u00ebzojm\u00eb dhe t\u00eb kontribuojm\u00eb n\u00eb mir\u00ebqenien dhe sh\u00ebndetin e individ\u00ebve duke ofruar kujdes bashk\u00ebkohor p\u00ebr secilin kliient me edukim dhe praktika te integruara klinike.<\/p>\n<p>N\u00eb lidhje me misionin ton\u00eb, ajo q\u00eb na diferencon \u00ebsht\u00eb pik\u00ebrisht bashk\u00ebpunimi mono dhe multidisiplinar mes fushave t\u00eb ndryshme terapeutike, q\u00eb nd\u00ebrthurren dhe e plot\u00ebsojn\u00eb nj\u00ebra-tjetr\u00ebn, duke p\u00ebrmbushur k\u00ebshtu m\u00eb s\u00eb miri nevojat e klientit n\u00eb m\u00ebnyr\u00eb q\u00eb t\u00eb arrijm\u00eb maksimumin e kapaciteteve t\u00eb sh\u00ebndetit mendor \/ fzik t\u00eb klient\u00ebve tan\u00eb. Pra, p\u00ebrmes ekspert\u00ebve tan\u00eb t\u00eb njohur nd\u00ebrkomb\u00ebtarisht, dhe p\u00ebrmes qasjes multidisiplinare sigurojm\u00eb q\u00eb klient\u00ebt tan\u00eb t\u00eb arrijn\u00eb potencialin e tyre optimal n\u00eb sh\u00ebndet.<\/p>\t\t\t\t\t\t\t\t<\/div>\n\t\t\t\t<\/div>\n\t\t\t\t\t<\/div>\n\t\t<\/div>\n\t\t\t\t<div class=\"elementor-column elementor-col-50 elementor-top-column elementor-element elementor-element-5498753b\" data-id=\"5498753b\" data-element_type=\"column\">\n\t\t\t<div class=\"elementor-widget-wrap elementor-element-populated\">\n\t\t\t\t\t\t<div class=\"elementor-element elementor-element-3e38b7e elementor-widget elementor-widget-image\" data-id=\"3e38b7e\" data-element_type=\"widget\" data-widget_type=\"image.default\">\n\t\t\t\t<div class=\"elementor-widget-container\">\n\t\t\t\t\t\t\t\t\t\t\t\t\t\t\t<img decoding=\"async\" src=\"https:\/\/qt-heimerer.eu\/wp-content\/uploads\/2020\/09\/QTH-LOGO-PNG.png\" title=\"\" alt=\"\" loading=\"lazy\" \/>\t\t\t\t\t\t\t\t\t\t\t\t\t\t\t<\/div>\n\t\t\t\t<\/div>\n\t\t\t\t\t<\/div>\n\t\t<\/div>\n\t\t\t\t\t<\/div>\n\t\t<\/section>\n\t\t\t\t<section class=\"elementor-section elementor-top-section elementor-element elementor-element-b29b9da elementor-section-boxed elementor-section-height-default elementor-section-height-default\" data-id=\"b29b9da\" data-element_type=\"section\">\n\t\t\t\t\t\t<div class=\"elementor-container elementor-column-gap-default\">\n\t\t\t\t\t<div class=\"elementor-column elementor-col-100 elementor-top-column elementor-element elementor-element-6f36866\" data-id=\"6f36866\" data-element_type=\"column\">\n\t\t\t<div class=\"elementor-widget-wrap\">\n\t\t\t\t\t\t\t<\/div>\n\t\t<\/div>\n\t\t\t\t\t<\/div>\n\t\t<\/section>\n\t\t\t\t<\/div>\n\t\t","protected":false},"excerpt":{"rendered":"<p>Kush jemi ne? Qendra Terapeutike Heimerer \u00ebsht\u00eb e vetmja poliklinik\u00eb n\u00eb rajon, q\u00eb ofron t\u00eb gjitha sh\u00ebrbimet e shkencave terapeutike n\u00eb nj\u00eb vend t\u00eb vet\u00ebm e me qasje multi-disciplinare, n\u00eb nj\u00eb perspektiv\u00eb holistike e me klientin n\u00eb qend\u00ebr. Misioni yn\u00eb \u00ebsht\u00eb t\u00eb frym\u00ebzojm\u00eb dhe t\u00eb kontribuojm\u00eb n\u00eb mir\u00ebqenien dhe sh\u00ebndetin e individ\u00ebve duke ofruar kujdes [&hellip;]<\/p>\n","protected":false},"author":1,"featured_media":0,"parent":0,"menu_order":0,"comment_status":"closed","ping_status":"closed","template":"elementor_header_footer","meta":{"footnotes":""},"class_list":["post-214","page","type-page","status-publish","hentry"],"_links":{"self":[{"href":"https:\/\/qt-heimerer.eu\/index.php?rest_route=\/wp\/v2\/pages\/214","targetHints":{"allow":["GET"]}}],"collection":[{"href":"https:\/\/qt-heimerer.eu\/index.php?rest_route=\/wp\/v2\/pages"}],"about":[{"href":"https:\/\/qt-heimerer.eu\/index.php?rest_route=\/wp\/v2\/types\/page"}],"author":[{"embeddable":true,"href":"https:\/\/qt-heimerer.eu\/index.php?rest_route=\/wp\/v2\/users\/1"}],"replies":[{"embeddable":true,"href":"https:\/\/qt-heimerer.eu\/index.php?rest_route=%2Fwp%2Fv2%2Fcomments&post=214"}],"version-history":[{"count":0,"href":"https:\/\/qt-heimerer.eu\/index.php?rest_route=\/wp\/v2\/pages\/214\/revisions"}],"wp:attachment":[{"href":"https:\/\/qt-heimerer.eu\/index.php?rest_route=%2Fwp%2Fv2%2Fmedia&parent=214"}],"curies":[{"name":"wp","href":"https:\/\/api.w.org\/{rel}","templated":true}]}}