{"id":1790,"date":"2020-09-01T15:01:49","date_gmt":"2020-09-01T13:01:49","guid":{"rendered":"https:\/\/qt-heimerer.eu\/?page_id=1790"},"modified":"2020-12-21T23:20:57","modified_gmt":"2020-12-21T22:20:57","slug":"klinika-e-logopedise","status":"publish","type":"page","link":"https:\/\/qt-heimerer.eu\/?page_id=1790","title":{"rendered":"Klinika e Logopedise"},"content":{"rendered":"\t\t<div data-elementor-type=\"wp-page\" data-elementor-id=\"1790\" class=\"elementor elementor-1790\" data-elementor-post-type=\"page\">\n\t\t\t\t\t\t<section class=\"elementor-section elementor-top-section elementor-element elementor-element-899f1b5 elementor-section-content-middle elementor-section-stretched elementor-section-height-min-height clinickname elementor-section-boxed elementor-section-height-default elementor-section-items-middle\" data-id=\"899f1b5\" data-element_type=\"section\" data-settings=\"{&quot;background_background&quot;:&quot;classic&quot;,&quot;stretch_section&quot;:&quot;section-stretched&quot;}\">\n\t\t\t\t\t\t\t<div class=\"elementor-background-overlay\"><\/div>\n\t\t\t\t\t\t\t<div class=\"elementor-container elementor-column-gap-wide\">\n\t\t\t\t\t<div class=\"elementor-column elementor-col-100 elementor-top-column elementor-element elementor-element-b13a8ff\" data-id=\"b13a8ff\" data-element_type=\"column\">\n\t\t\t<div class=\"elementor-widget-wrap elementor-element-populated\">\n\t\t\t\t\t\t<div class=\"elementor-element elementor-element-93c1575 elementor-widget elementor-widget-heading\" data-id=\"93c1575\" data-element_type=\"widget\" data-widget_type=\"heading.default\">\n\t\t\t\t<div class=\"elementor-widget-container\">\n\t\t\t\t\t<h4 class=\"elementor-heading-title elementor-size-default\">Klinika e Logopedise<\/h4>\t\t\t\t<\/div>\n\t\t\t\t<\/div>\n\t\t\t\t\t<\/div>\n\t\t<\/div>\n\t\t\t\t\t<\/div>\n\t\t<\/section>\n\t\t\t\t<section class=\"elementor-section elementor-top-section elementor-element elementor-element-2b42ca5 elementor-section-boxed elementor-section-height-default elementor-section-height-default\" data-id=\"2b42ca5\" data-element_type=\"section\">\n\t\t\t\t\t\t<div class=\"elementor-container elementor-column-gap-default\">\n\t\t\t\t\t<div class=\"elementor-column elementor-col-50 elementor-top-column elementor-element elementor-element-c2460cf\" data-id=\"c2460cf\" data-element_type=\"column\">\n\t\t\t<div class=\"elementor-widget-wrap elementor-element-populated\">\n\t\t\t\t\t\t<div class=\"elementor-element elementor-element-f451b03 elementor-widget elementor-widget-heading\" data-id=\"f451b03\" data-element_type=\"widget\" data-widget_type=\"heading.default\">\n\t\t\t\t<div class=\"elementor-widget-container\">\n\t\t\t\t\t<p class=\"elementor-heading-title elementor-size-default\">Klinikat tona<\/p>\t\t\t\t<\/div>\n\t\t\t\t<\/div>\n\t\t\t\t<div class=\"elementor-element elementor-element-5e4849d elementor-widget elementor-widget-text-editor\" data-id=\"5e4849d\" data-element_type=\"widget\" data-widget_type=\"text-editor.default\">\n\t\t\t\t<div class=\"elementor-widget-container\">\n\t\t\t\t\t\t\t\t\t<ul><li id=\"menu-item-1957\" class=\"menu-item menu-item-type-post_type menu-item-object-page current-menu-item page_item page-item-1790 current_page_item menu-item-has-children menu-item-1957\"><span style=\"color: #000000;\"><a style=\"color: #000000;\" href=\"https:\/\/qt-heimerer.eu\/klinikat-tona\/klinika-e-logopedise\/\" aria-current=\"page\">Klinika e Logopedise<\/a><\/span><br \/><ul class=\"sub-menu\"><li id=\"menu-item-2197\" class=\"menu-item menu-item-type-post_type menu-item-object-page menu-item-2197\"><a href=\"https:\/\/qt-heimerer.eu\/klinikat-tona\/klinika-e-logopedise\/diagnostikime\/\">Diagnostikime<\/a><\/li><\/ul><\/li><li id=\"menu-item-1959\" class=\"menu-item menu-item-type-post_type menu-item-object-page menu-item-1959\"><a href=\"https:\/\/qt-heimerer.eu\/klinikat-tona\/klinika-e-autizmit\/\">Klinika e Autizmit<\/a><\/li><li id=\"menu-item-1958\" class=\"menu-item menu-item-type-post_type menu-item-object-page menu-item-1958\"><a href=\"https:\/\/qt-heimerer.eu\/klinikat-tona\/klinika-e-ergoterapise\/\">Klinika e Ergoterapise<\/a><\/li><\/ul>\t\t\t\t\t\t\t\t<\/div>\n\t\t\t\t<\/div>\n\t\t\t\t\t<\/div>\n\t\t<\/div>\n\t\t\t\t<div class=\"elementor-column elementor-col-50 elementor-top-column elementor-element elementor-element-1d51479\" data-id=\"1d51479\" data-element_type=\"column\">\n\t\t\t<div class=\"elementor-widget-wrap elementor-element-populated\">\n\t\t\t\t\t\t<div class=\"elementor-element elementor-element-01c89c7 elementor-widget elementor-widget-text-editor\" data-id=\"01c89c7\" data-element_type=\"widget\" data-widget_type=\"text-editor.default\">\n\t\t\t\t<div class=\"elementor-widget-container\">\n\t\t\t\t\t\t\t\t\t<p>Logopedia \u00ebsht\u00eb shkenc\u00eb e cila merret me parandalimin, vler\u00ebsimin, diagnostikimin dhe trajtimin e \u00e7rregullimeve n\u00eb t\u00eb folur, gjuh\u00eb, komunikim dhe \u00e7rregullimeve t\u00eb z\u00ebrit te f\u00ebmij\u00ebt dhe t\u00eb rriturit.\u00a0 <br \/><br \/>Klinik\u00ebn ton\u00eb e b\u00ebn unike dedikimi ndaj pun\u00ebs, qasja holistike p\u00ebr trajtimin, duke p\u00ebrfshir\u00eb bashk\u00ebpunimin e ngusht\u00eb me nj\u00eb ekip ekspert\u00ebsh dhe dhoma e observimit te seances logopedike e cila mund te shfrytezohet nga prinderit. Misioni i klinik\u00ebs son\u00eb \u00ebsht\u00eb t\u00eb maksimizojm\u00eb aft\u00ebsit\u00eb e p\u00ebrgjithshme t\u00eb komunikimit t\u00eb klient\u00ebve tan\u00eb n\u00eb m\u00ebnyr\u00eb q\u00eb ata t\u00eb funksionojn\u00eb m\u00eb t\u00eb pavarur dhe t\u00eb p\u00ebrjetojn\u00eb nj\u00eb cil\u00ebsi t\u00eb shtuar t\u00eb jet\u00ebs.<\/p><p>Klinika e Logopedis\u00eb ofron nj\u00eb gam\u00eb t\u00eb gjer\u00eb sh\u00ebrbimesh diagnostike nga ekspert\u00eb nd\u00ebrkomb\u00ebtar dhe vendor sikurse:<\/p><ul><li>Testin e autizmit (ADOS);<\/li><li>Testin e aft\u00ebsis\u00eb s\u00eb gjuh\u00ebs funksionale;<\/li><li>Testin e artikulimit;<\/li><li>Testin diagnostik defektologjik dhe<\/li><li>Testin e disleksis\u00eb.<\/li><li>Testin e kuptueshm\u00ebris\u00eb;<br \/><br \/><\/li><\/ul><p>Sherbimet terapeutike t\u00eb cilat ne ofrojm\u00eb jan\u00eb:<\/p><ul><li>Terapia e afazis\u00eb<\/li><li>Terapia e apraksis\u00eb<\/li><li>Terapia e belb\u00ebzimit<\/li><li>Terapia e\u00a0 \u00e7rregullimeve n\u00eb t\u00eb folur<\/li><li>Terapia e \u00e7rregullimit n\u00eb lexim dhe shkrim<\/li><li>Terapia e \u00e7rregullimit t\u00eb artikulimit<\/li><li>Terapi defektologjike<\/li><li>Terapia e t\u00eb folurit p\u00ebr Spektrin e Autizmit<\/li><li>Terapia p\u00ebr Sindromen Do\u00ebn<\/li><li>Terapia e vones\u00ebs gjuh\u00ebsore<\/li><\/ul>\t\t\t\t\t\t\t\t<\/div>\n\t\t\t\t<\/div>\n\t\t\t\t\t<\/div>\n\t\t<\/div>\n\t\t\t\t\t<\/div>\n\t\t<\/section>\n\t\t\t\t<\/div>\n\t\t","protected":false},"excerpt":{"rendered":"<p>Klinikat tona Klinika e Logopedise Diagnostikime Klinika e Autizmit Klinika e Ergoterapise Logopedia \u00ebsht\u00eb shkenc\u00eb e cila merret me parandalimin, vler\u00ebsimin, diagnostikimin dhe trajtimin e \u00e7rregullimeve n\u00eb t\u00eb folur, gjuh\u00eb, komunikim dhe \u00e7rregullimeve t\u00eb z\u00ebrit te f\u00ebmij\u00ebt dhe t\u00eb rriturit.\u00a0 Klinik\u00ebn ton\u00eb e b\u00ebn unike dedikimi ndaj pun\u00ebs, qasja holistike p\u00ebr trajtimin, duke p\u00ebrfshir\u00eb bashk\u00ebpunimin [&hellip;]<\/p>\n","protected":false},"author":1,"featured_media":0,"parent":904,"menu_order":2,"comment_status":"closed","ping_status":"closed","template":"elementor_header_footer","meta":{"footnotes":""},"class_list":["post-1790","page","type-page","status-publish","hentry"],"_links":{"self":[{"href":"https:\/\/qt-heimerer.eu\/index.php?rest_route=\/wp\/v2\/pages\/1790","targetHints":{"allow":["GET"]}}],"collection":[{"href":"https:\/\/qt-heimerer.eu\/index.php?rest_route=\/wp\/v2\/pages"}],"about":[{"href":"https:\/\/qt-heimerer.eu\/index.php?rest_route=\/wp\/v2\/types\/page"}],"author":[{"embeddable":true,"href":"https:\/\/qt-heimerer.eu\/index.php?rest_route=\/wp\/v2\/users\/1"}],"replies":[{"embeddable":true,"href":"https:\/\/qt-heimerer.eu\/index.php?rest_route=%2Fwp%2Fv2%2Fcomments&post=1790"}],"version-history":[{"count":0,"href":"https:\/\/qt-heimerer.eu\/index.php?rest_route=\/wp\/v2\/pages\/1790\/revisions"}],"up":[{"embeddable":true,"href":"https:\/\/qt-heimerer.eu\/index.php?rest_route=\/wp\/v2\/pages\/904"}],"wp:attachment":[{"href":"https:\/\/qt-heimerer.eu\/index.php?rest_route=%2Fwp%2Fv2%2Fmedia&parent=1790"}],"curies":[{"name":"wp","href":"https:\/\/api.w.org\/{rel}","templated":true}]}}