{"id":1787,"date":"2020-09-01T15:01:18","date_gmt":"2020-09-01T13:01:18","guid":{"rendered":"https:\/\/qt-heimerer.eu\/?page_id=1787"},"modified":"2020-12-21T23:20:56","modified_gmt":"2020-12-21T22:20:56","slug":"klinika-e-ergoterapise","status":"publish","type":"page","link":"https:\/\/qt-heimerer.eu\/?page_id=1787","title":{"rendered":"Klinika e Ergoterapise"},"content":{"rendered":"\t\t<div data-elementor-type=\"wp-page\" data-elementor-id=\"1787\" class=\"elementor elementor-1787\" data-elementor-post-type=\"page\">\n\t\t\t\t\t\t<section class=\"elementor-section elementor-top-section elementor-element elementor-element-1c790a9 elementor-section-content-middle elementor-section-stretched elementor-section-height-min-height elementor-section-boxed elementor-section-height-default elementor-section-items-middle\" data-id=\"1c790a9\" data-element_type=\"section\" data-settings=\"{&quot;background_background&quot;:&quot;classic&quot;,&quot;stretch_section&quot;:&quot;section-stretched&quot;}\">\n\t\t\t\t\t\t\t<div class=\"elementor-background-overlay\"><\/div>\n\t\t\t\t\t\t\t<div class=\"elementor-container elementor-column-gap-wide\">\n\t\t\t\t\t<div class=\"elementor-column elementor-col-100 elementor-top-column elementor-element elementor-element-65441d6\" data-id=\"65441d6\" data-element_type=\"column\">\n\t\t\t<div class=\"elementor-widget-wrap elementor-element-populated\">\n\t\t\t\t\t\t<div class=\"elementor-element elementor-element-fabac10 elementor-widget elementor-widget-heading\" data-id=\"fabac10\" data-element_type=\"widget\" data-widget_type=\"heading.default\">\n\t\t\t\t<div class=\"elementor-widget-container\">\n\t\t\t\t\t<h4 class=\"elementor-heading-title elementor-size-default\">Klinika e Ergoterapise<\/h4>\t\t\t\t<\/div>\n\t\t\t\t<\/div>\n\t\t\t\t\t<\/div>\n\t\t<\/div>\n\t\t\t\t\t<\/div>\n\t\t<\/section>\n\t\t\t\t<section class=\"elementor-section elementor-top-section elementor-element elementor-element-d66d801 elementor-section-boxed elementor-section-height-default elementor-section-height-default\" data-id=\"d66d801\" data-element_type=\"section\">\n\t\t\t\t\t\t<div class=\"elementor-container elementor-column-gap-default\">\n\t\t\t\t\t<div class=\"elementor-column elementor-col-50 elementor-top-column elementor-element elementor-element-a53fa8a\" data-id=\"a53fa8a\" data-element_type=\"column\">\n\t\t\t<div class=\"elementor-widget-wrap elementor-element-populated\">\n\t\t\t\t\t\t<div class=\"elementor-element elementor-element-7761540 elementor-widget elementor-widget-heading\" data-id=\"7761540\" data-element_type=\"widget\" data-widget_type=\"heading.default\">\n\t\t\t\t<div class=\"elementor-widget-container\">\n\t\t\t\t\t<p class=\"elementor-heading-title elementor-size-default\">Sh\u00ebrbimet tona<\/p>\t\t\t\t<\/div>\n\t\t\t\t<\/div>\n\t\t\t\t<div class=\"elementor-element elementor-element-5f8c243 elementor-widget elementor-widget-text-editor\" data-id=\"5f8c243\" data-element_type=\"widget\" data-widget_type=\"text-editor.default\">\n\t\t\t\t<div class=\"elementor-widget-container\">\n\t\t\t\t\t\t\t\t\t<ul id=\"menu-sherbimet-tona\" class=\"menu\"><li id=\"menu-item-1957\" class=\"menu-item menu-item-type-post_type menu-item-object-page current-menu-item page_item page-item-1790 current_page_item menu-item-has-children menu-item-1957\"><span style=\"color: #f48036;\"><a style=\"color: #f48036;\" href=\"https:\/\/qt-heimerer.eu\/klinikat-tona\/klinika-e-logopedise\/\" aria-current=\"page\">Klinika e Logopedise<\/a><\/span><br \/><ul class=\"sub-menu\"><li id=\"menu-item-2197\" class=\"menu-item menu-item-type-post_type menu-item-object-page menu-item-2197\"><a href=\"https:\/\/qt-heimerer.eu\/klinikat-tona\/klinika-e-logopedise\/diagnostikime\/\">Diagnostikime<\/a><\/li><\/ul><\/li><li id=\"menu-item-1959\" class=\"menu-item menu-item-type-post_type menu-item-object-page menu-item-1959\"><a href=\"https:\/\/qt-heimerer.eu\/klinikat-tona\/klinika-e-autizmit\/\">Klinika e Autizmit<\/a><\/li><li id=\"menu-item-1958\" class=\"menu-item menu-item-type-post_type menu-item-object-page menu-item-1958\"><span style=\"color: #000000;\"><a style=\"color: #000000;\" href=\"https:\/\/qt-heimerer.eu\/klinikat-tona\/klinika-e-ergoterapise\/\">Klinika e Ergoterapise<\/a><\/span><\/li><\/ul>\t\t\t\t\t\t\t\t<\/div>\n\t\t\t\t<\/div>\n\t\t\t\t\t<\/div>\n\t\t<\/div>\n\t\t\t\t<div class=\"elementor-column elementor-col-50 elementor-top-column elementor-element elementor-element-314ecad\" data-id=\"314ecad\" data-element_type=\"column\">\n\t\t\t<div class=\"elementor-widget-wrap elementor-element-populated\">\n\t\t\t\t\t\t<div class=\"elementor-element elementor-element-c64977b elementor-widget elementor-widget-text-editor\" data-id=\"c64977b\" data-element_type=\"widget\" data-widget_type=\"text-editor.default\">\n\t\t\t\t<div class=\"elementor-widget-container\">\n\t\t\t\t\t\t\t\t\t<p>Ergoterapia ndihmon klientet q\u00eb t\u00eb zhvillohen, p\u00ebrmir\u00ebsohen, t\u00eb mbrohen dhe\u00a0 t\u00eb zhvillojn\u00eb aft\u00ebsit\u00eb funksionale p\u00ebr jet\u00ebn e p\u00ebrditshme, duke punuar n\u00eb t\u00eb gjitha fushat e angazhimit; vet\u00eb-kujdesje, kujdesje p\u00ebr t\u00eb af\u00ebrmit dhe kafsh\u00ebt, pjes\u00ebmarrja sociale, arsimi, puna, koha e lir\u00eb, pushimi dhe gjumi,si dhe loj\u00ebrat.<\/p><p>Klinika e Ergoterapis\u00eb ofron sh\u00ebrbimet e ergoterapis\u00eb p\u00ebr \u00e7do grupmosh\u00eb q\u00eb hasin problem me pengesat n\u00eb aktivitet\u00ebt e jet\u00ebs s\u00eb p\u00ebrditshme p\u00ebr shkak t\u00eb v\u00ebshtir\u00ebsive fizike apo mendore. Ne kuptojm\u00eb se t\u00eb gjith\u00eb njer\u00ebzit ballafaqohen me sfida n\u00eb jet\u00eb. Seancat Ergoterapeutike supozohen t\u00eb jen\u00eb p\u00ebr f\u00ebmij\u00eb te cil\u00ebt lindin me ngecje ne zvillim, s\u00ebmundjet dhe lendimet q\u00eb vijn\u00eb si pasoj\u00eb e aksidenteve, dhe per ata persona q\u00eb humbin aft\u00ebsit\u00eb p\u00ebr shkak t\u00eb mosh\u00ebs s\u00eb shtyr\u00eb. <br \/><br \/>Q\u00ebllimi jon\u00eb \u00ebsht\u00eb t\u00eb bashkpunojm\u00eb me klient\u00ebt dhe t\u00eb af\u00ebrmit e tyre p\u00ebr t\u00eb rritur, forcuar, adaptuar, modifikuar dhe mbrojtur pavar\u00ebsin\u00eb n\u00eb pjesmarrjen t\u00eb aktiviteteve t\u00eb jet\u00ebs s\u00eb p\u00ebrditshme.<\/p><p>Ergoterapeut\u00ebt vler\u00ebsojn\u00eb dhe diagnostikojn\u00eb pengesat n\u00eb pjesmarrjen e aktiviteteve t\u00eb jet\u00ebs s\u00eb p\u00ebrditshme n\u00eb \u00e7do fush\u00eb. Ne vler\u00ebsojm\u00eb (vet\u00ebm disa shembuj):<br \/><br \/>&#8211; Nx\u00ebn\u00ebsit q\u00eb\u00a0 nuk kan\u00eb kontroll n\u00eb shkrimin e tyre q\u00eb rezulton n\u00eb shkrim jo t\u00eb lex\u00ebm<br \/>&#8211; Personat e moshuar q\u00eb nuk I kan\u00eb aft\u00ebsit\u00eb t\u00eb pregadisin vet\u00eb (caj, kafe, ushqim)<br \/>&#8211;\u00a0 Studentat\/t\u00eb rinjt\u00eb q\u00eb kan ankth t\u00eb lart\u00eb (n\u00eb studime\/pun\u00eb)<\/p><p>-Personat qe kan\u00eb pasur sulm n\u00eb tru dhe si pasoj\u00eb nuk mund t\u00eb pastrohen vet\u00eb.<\/p><p>-Personat q\u00eb jan\u00eb t\u00eb diagnostikuar me skizofreni q\u00eb nuk mund t\u00eb punojn\u00eb<\/p><p>-Femij\u00ebt (p.sh. 4 vjecar\u00eb) q\u00eb nuk mund t\u2019a perdorin tualetin n\u00eb m\u00ebnyr\u00eb t\u00eb pavarur.<\/p><p>-M\u00ebnyrat se si nj\u00eb person mund t\u2019a vazhdoj\u00eb pun\u00ebn jasht\u00eb sht\u00ebpis\u00eb edhe pse ka lendime t\u00eb gjymtyr\u00ebve<\/p><p><br \/>Pas vler\u00ebsimit ergoterapeut\u00ebt, s\u00eb bashku me klientin caktojn\u00eb q\u00ebllimet terapeutike, planin dhe zbatimin e trajtimit.<\/p><p>Ergoterapia karakterizohet me nj\u00eb p\u00ebrspektiv\u00eb holistike, ku fokusi q\u00ebndron n\u00eb adaptimin e mjedisit dhe faktor\u00ebve t\u00eb tjer\u00eb kontekstual q\u00eb t\u2019i p\u00ebrshtaten individit\/klientit, ku si pjes\u00eb integrale e k\u00ebtij procesi \u00ebsht\u00eb klienti si pjes\u00eb dhe n\u00eb qend\u00ebr t\u00eb terapis\u00eb.<\/p><p>Klinika e Ergoterapis\u00eb ofron sh\u00ebrbimet e ergoterapis\u00eb p\u00ebr \u00e7do mosha e klient\u00ebve me pengesat n\u00eb aktivitet\u00ebt e jet\u00ebs s\u00eb p\u00ebrditshme p\u00ebr shkak t\u00eb v\u00ebshtir\u00ebsit\u00eb fizike apo mendore. Ne kuptojm\u00eb se sfidat ndodh\u00ebt n\u00eb jet\u00eb. F\u00ebmijt\u00eb jan\u00eb t\u00eb lindur me ngecjen n\u00eb zhvillim, njer\u00ebzit p\u00ebrballojn\u00eb s\u00ebmundjet apo l\u00ebndimet p\u00ebr shkak t\u00eb aksident\u00ebve, dhe njer\u00ebzit po humb\u00ebn aft\u00ebsit\u00eb p\u00ebr shkak t\u00eb mosh\u00ebs dhe pleq\u00ebris\u00eb. Q\u00ebllimi I ergoterapis\u00eb \u00ebsht\u00eb t\u00eb bashkpunojm\u00eb me klient\u00ebt dhe t\u00eb afermit\u00eb t\u00eb tyre p\u00ebr t\u00eb rritur, forcuar, adaptuar, modifikuar dhe mbrojtur pavar\u00ebsin\u00eb n\u00eb pjesmarrjen n\u00eb aktivitet\u00ebt t\u00eb jet\u00ebs s\u00eb p\u00ebrditshme.<\/p><p>Ergoterapeut\u00ebt vler\u00ebsojn\u00eb dhe diagnostifikojn\u00eb pengesat ne pjesmarrjen n\u00eb aktivitet\u00ebt t\u00eb jet\u00ebs s\u00eb p\u00ebrditshme n\u00eb \u00e7do fush\u00eb. Pershembull ne vler\u00ebsojm\u00eb: (K\u00ebto jan\u00eb vet\u00ebm disa shembujt\u00eb)<\/p><ul><li>Pse nj\u00eb nx\u00ebn\u00ebs n\u00eb shkoll\u00eb nuk mund t\u00eb k\u00ebt\u00eb kontrol shkrimin e tij n\u00eb menyra e lezuesh\u00ebm.<\/li><li>Pse nj\u00eb gjyshja nuk mund t\u00eb p\u00ebrgadit kafe apo \u00e7aj m\u00eb vet\u00eb<\/li><li>Pse nj\u00eb student ka ankthi I lart\u00eb gjat\u00eb provimeve e tyre<\/li><li>Pse nj\u00eb person q\u00eb kishte pasur sulm n\u00eb tru apo n\u00eb zem\u00ebr nuk mund t\u00eb pastrohet vet\u00eb<\/li><li>Pse nj\u00eb person e diagnostifikuar me shizofreni nuk mund t\u00eb punoj\u00eb<\/li><li>Pse nj\u00eb f\u00ebmij\u00eb 4 ve\u00e7are nuk mund t\u00eb p\u00ebrdorur tualetin n\u00eb menyra e pavarur<\/li><li>Si mund t\u00eb vazhdoj\u00eb pun\u00ebn n\u00eb dhe jasht\u00eb sht\u00ebpin\u00eb, personi me l\u00ebndimin e gjymtyra\/\u00ebt e tyre<\/li><\/ul><p>Pas vler\u00ebsimit ergoterapeut\u00ebt, s\u00eb bashku me klientin saktojn\u00eb q\u00ebllimet terapeutike, planin dhe zbatimin e trajtimit.<\/p><p>Ergoterapia karakterizohet me nj\u00eb p\u00ebrspektiv\u00eb holistike, ku fokusi q\u00ebndron n\u00eb adaptimin e mjedisit dhe faktor\u00ebve t\u00eb tjer\u00eb kontekstual\u00eb q\u00eb t\u2019i p\u00ebrshtaten individit\/klientit, ku si pjes\u00eb integrale e k\u00ebtij procesi \u00ebsht\u00eb klienti si pjes\u00eb dhe n\u00eb qend\u00ebr e terapis\u00eb.<\/p><p>\u00a0<\/p>\t\t\t\t\t\t\t\t<\/div>\n\t\t\t\t<\/div>\n\t\t\t\t\t<\/div>\n\t\t<\/div>\n\t\t\t\t\t<\/div>\n\t\t<\/section>\n\t\t\t\t<\/div>\n\t\t","protected":false},"excerpt":{"rendered":"<p>Sh\u00ebrbimet tona Klinika e Logopedise Diagnostikime Klinika e Autizmit Klinika e Ergoterapise Ergoterapia ndihmon klientet q\u00eb t\u00eb zhvillohen, p\u00ebrmir\u00ebsohen, t\u00eb mbrohen dhe\u00a0 t\u00eb zhvillojn\u00eb aft\u00ebsit\u00eb funksionale p\u00ebr jet\u00ebn e p\u00ebrditshme, duke punuar n\u00eb t\u00eb gjitha fushat e angazhimit; vet\u00eb-kujdesje, kujdesje p\u00ebr t\u00eb af\u00ebrmit dhe kafsh\u00ebt, pjes\u00ebmarrja sociale, arsimi, puna, koha e lir\u00eb, pushimi dhe gjumi,si [&hellip;]<\/p>\n","protected":false},"author":1,"featured_media":0,"parent":904,"menu_order":1,"comment_status":"closed","ping_status":"closed","template":"elementor_header_footer","meta":{"footnotes":""},"class_list":["post-1787","page","type-page","status-publish","hentry"],"_links":{"self":[{"href":"https:\/\/qt-heimerer.eu\/index.php?rest_route=\/wp\/v2\/pages\/1787","targetHints":{"allow":["GET"]}}],"collection":[{"href":"https:\/\/qt-heimerer.eu\/index.php?rest_route=\/wp\/v2\/pages"}],"about":[{"href":"https:\/\/qt-heimerer.eu\/index.php?rest_route=\/wp\/v2\/types\/page"}],"author":[{"embeddable":true,"href":"https:\/\/qt-heimerer.eu\/index.php?rest_route=\/wp\/v2\/users\/1"}],"replies":[{"embeddable":true,"href":"https:\/\/qt-heimerer.eu\/index.php?rest_route=%2Fwp%2Fv2%2Fcomments&post=1787"}],"version-history":[{"count":0,"href":"https:\/\/qt-heimerer.eu\/index.php?rest_route=\/wp\/v2\/pages\/1787\/revisions"}],"up":[{"embeddable":true,"href":"https:\/\/qt-heimerer.eu\/index.php?rest_route=\/wp\/v2\/pages\/904"}],"wp:attachment":[{"href":"https:\/\/qt-heimerer.eu\/index.php?rest_route=%2Fwp%2Fv2%2Fmedia&parent=1787"}],"curies":[{"name":"wp","href":"https:\/\/api.w.org\/{rel}","templated":true}]}}